{"id":4526,"date":"2019-07-13T05:06:05","date_gmt":"2019-07-13T05:06:05","guid":{"rendered":"https:\/\/proatec.com\/business-sectors\/"},"modified":"2022-08-03T07:15:09","modified_gmt":"2022-08-03T07:15:09","slug":"sectores-de-intervencion","status":"publish","type":"page","link":"https:\/\/proatec.com\/es\/sectores-de-intervencion\/","title":{"rendered":"Sectores de Intervenci\u00f3n"},"content":{"rendered":"<p>[vc_row tm_bgimagefixed=\u00bb\u00bb break_in_responsive=\u00bb991&#8243; tm_responsive_css=\u00bb11268332|colbreak_no|||||||||colbreak_no|||||43px||0px||colbreak_no||||||||||colbreak_no|||||||||\u00bb css=\u00bb.vc_custom_1570444593804{padding-bottom: 40px !important;}\u00bb][vc_column]<div class=\"themetechmount-boxes themetechmount-boxes-service themetechmount-boxes-view-default themetechmount-boxes-col-three themetechmount-boxes-sortable-no themetechmount-boxes-textalign-center tm-cta3-rev-heading\">\n\t\t<div class=\"themetechmount-boxes-inner themetechmount-boxes-service-inner \"><div class=\"themetechmount-box-heading-wrapper tm-element-align-center\"><div class=\"tm-element-heading-wrapper tm-heading-inner tm-element-align-center tm-seperator-solid tm-heading-style-vertical \"><section class=\"tm-vc_cta3-container\"><div class=\"tm-vc_general tm-vc_cta3 tm-cta3-only tm-vc_cta3-style-classic tm-vc_cta3-shape-rounded tm-vc_cta3-align-center tm-vc_cta3-color-transparent tm-vc_cta3-icon-size-md tm-vc_cta3-actions-no tm-cta3-without-desc\"><div class=\"tm-vc_cta3_content-container\"><div class=\"tm-vc_cta3-content\"><header class=\"tm-vc_cta3-content-header tm-wrap\"><div class=\"tm-vc_cta3-headers tm-wrap-cell\"><h4 class=\"tm-custom-heading \" >sectores de intervenci\u00f3n<\/h4>\n<h2 class=\"tm-custom-heading \" >Operamos principalmente en <b>6 sectores de intervenci\u00f3n<\/b> en el campo de los proyectos de cooperaci\u00f3n para el desarrollo:<\/h2>\n<\/div><div class=\"heading-seperator\"><span><\/span><\/div><\/header><\/div><\/div><\/div><\/section><\/div> <!-- .tm-element-heading-wrapper container --> <\/div> <!-- .tm-element-heading-wrapper container --> \n\t\t\t\n\t\t\t<div class=\"row multi-columns-row themetechmount-boxes-row-wrapper\">\n\t\t\t\t<div class=\"tm-box-col-wrapper col-lg-4 col-sm-6 col-md-4 col-xs-12 \"><article class=\"themetechmount-box themetechmount-box-service themetechmount-box-view-top-image themetechmount-service-box-view-top-image  \">\r\n\t<div class=\"themetechmount-post-item\">\t\r\n\t\t<div class=\"themetechmount-post-item-inner\">\r\n\t\t\t<div class=\"tm-featured-wrapper tm-tm_service-featured-wrapper\"><a href=\"https:\/\/proatec.com\/es\/settore\/desarrollo-economico-y-fortalecimiento-de-las-pequenas-y-medianas-empresas\/\"><img loading=\"lazy\" decoding=\"async\" width=\"720\" height=\"426\" src=\"https:\/\/proatec.com\/wp-content\/uploads\/2019\/06\/sviluppo_economico-1-720x426.jpg\" class=\"attachment-themetechmount-img-size-two size-themetechmount-img-size-two wp-post-image\" alt=\"\" srcset=\"https:\/\/proatec.com\/wp-content\/uploads\/2019\/06\/sviluppo_economico-1-720x426.jpg 720w, https:\/\/proatec.com\/wp-content\/uploads\/2019\/06\/sviluppo_economico-1-722x426.jpg 722w\" sizes=\"auto, (max-width: 720px) 100vw, 720px\" data-id=\"4878\" \/><\/a><\/div>\t\t<\/div>\r\n\t\t<div class=\"themetechmount-box-bottom-content\">\t\r\n\t\t\t<div class=\"tm-service-iconbox\"><span class=\"tm-service-icon\"><i class=\"kw_agritek flaticon-planet-earth\"><\/i><\/span><\/div>\t\t\t<div class=\"themetechmount-box-title\"><h4><a href=\"https:\/\/proatec.com\/es\/settore\/desarrollo-economico-y-fortalecimiento-de-las-pequenas-y-medianas-empresas\/\">Desarrollo Econ\u00f3mico y Fortalecimiento de las Peque\u00f1as y Medianas Empresas<\/a><\/h4><\/div>\t\t\t<div class=\"themetechmount-box-desc\">\r\n\t\t\t\t<div class=\"tm-short-desc\">\r\n\t\t\t\t\t<p>Hemos adquirido una amplia experiencia en asistencia t\u00e9cnica que apoya el desarrollo del comercio y el fortalecimiento de las pymes<\/p>\n\t\t\t\t<\/div>\r\n\t\t\t<\/div> \r\n\t\t\t<div class=\"tm-seperator\">\r\n\t\t\t<\/div>\r\n\t\t\t<div class=\"themetechmount-serviceboxbox-readmore\">\r\n\t\t\t\t<a href=\"https:\/\/proatec.com\/es\/settore\/desarrollo-economico-y-fortalecimiento-de-las-pequenas-y-medianas-empresas\/\">Ir al Sector<\/a>\t\t\t<\/div>\r\n\t\t<\/div>\r\n\t<\/div>\r\n<\/article><\/div><div class=\"tm-box-col-wrapper col-lg-4 col-sm-6 col-md-4 col-xs-12 \"><article class=\"themetechmount-box themetechmount-box-service themetechmount-box-view-top-image themetechmount-service-box-view-top-image  \">\r\n\t<div class=\"themetechmount-post-item\">\t\r\n\t\t<div class=\"themetechmount-post-item-inner\">\r\n\t\t\t<div class=\"tm-featured-wrapper tm-tm_service-featured-wrapper\"><a href=\"https:\/\/proatec.com\/es\/settore\/desarrollo-rural-y-local\/\"><img loading=\"lazy\" decoding=\"async\" width=\"720\" height=\"426\" src=\"https:\/\/proatec.com\/wp-content\/uploads\/2019\/07\/Sviluppo-Sociale_Rurale.jpg\" class=\"attachment-themetechmount-img-size-two size-themetechmount-img-size-two wp-post-image\" alt=\"\" srcset=\"https:\/\/proatec.com\/wp-content\/uploads\/2019\/07\/Sviluppo-Sociale_Rurale.jpg 720w, https:\/\/proatec.com\/wp-content\/uploads\/2019\/07\/Sviluppo-Sociale_Rurale-300x178.jpg 300w\" sizes=\"auto, (max-width: 720px) 100vw, 720px\" data-id=\"5869\" \/><\/a><\/div>\t\t<\/div>\r\n\t\t<div class=\"themetechmount-box-bottom-content\">\t\r\n\t\t\t<div class=\"tm-service-iconbox\"><span class=\"tm-service-icon\"><i class=\"kw_agritek flaticon-tractor-3\"><\/i><\/span><\/div>\t\t\t<div class=\"themetechmount-box-title\"><h4><a href=\"https:\/\/proatec.com\/es\/settore\/desarrollo-rural-y-local\/\">Desarrollo Rural y Local<\/a><\/h4><\/div>\t\t\t<div class=\"themetechmount-box-desc\">\r\n\t\t\t\t<div class=\"tm-short-desc\">\r\n\t\t\t\t\t<p>Proatec S.r.l. lleva a cabo actividades relacionadas con el mundo rural y local en varios pa\u00edses en desarrollo y en diversas zonas del mundo.<\/p>\n\t\t\t\t<\/div>\r\n\t\t\t<\/div> \r\n\t\t\t<div class=\"tm-seperator\">\r\n\t\t\t<\/div>\r\n\t\t\t<div class=\"themetechmount-serviceboxbox-readmore\">\r\n\t\t\t\t<a href=\"https:\/\/proatec.com\/es\/settore\/desarrollo-rural-y-local\/\">Ir al Sector<\/a>\t\t\t<\/div>\r\n\t\t<\/div>\r\n\t<\/div>\r\n<\/article><\/div><div class=\"tm-box-col-wrapper col-lg-4 col-sm-6 col-md-4 col-xs-12 \"><article class=\"themetechmount-box themetechmount-box-service themetechmount-box-view-top-image themetechmount-service-box-view-top-image  \">\r\n\t<div class=\"themetechmount-post-item\">\t\r\n\t\t<div class=\"themetechmount-post-item-inner\">\r\n\t\t\t<div class=\"tm-featured-wrapper tm-tm_service-featured-wrapper\"><a href=\"https:\/\/proatec.com\/es\/settore\/desarrollo-social\/\"><img loading=\"lazy\" decoding=\"async\" width=\"720\" height=\"426\" src=\"https:\/\/proatec.com\/wp-content\/uploads\/2019\/07\/desarollo_social_settore-720x426.jpg\" class=\"attachment-themetechmount-img-size-two size-themetechmount-img-size-two wp-post-image\" alt=\"\" srcset=\"https:\/\/proatec.com\/wp-content\/uploads\/2019\/07\/desarollo_social_settore-720x426.jpg 720w, https:\/\/proatec.com\/wp-content\/uploads\/2019\/07\/desarollo_social_settore-722x426.jpg 722w\" sizes=\"auto, (max-width: 720px) 100vw, 720px\" data-id=\"5812\" \/><\/a><\/div>\t\t<\/div>\r\n\t\t<div class=\"themetechmount-box-bottom-content\">\t\r\n\t\t\t<div class=\"tm-service-iconbox\"><span class=\"tm-service-icon\"><i class=\"kw_agritek flaticon-agronomy\"><\/i><\/span><\/div>\t\t\t<div class=\"themetechmount-box-title\"><h4><a href=\"https:\/\/proatec.com\/es\/settore\/desarrollo-social\/\">Desarrollo Social<\/a><\/h4><\/div>\t\t\t<div class=\"themetechmount-box-desc\">\r\n\t\t\t\t<div class=\"tm-short-desc\">\r\n\t\t\t\t\t<p>Los principales sectores de actividad conciernen la Educaci\u00f3n, la Salud y la Lucha contra la Pobreza.<\/p>\n\t\t\t\t<\/div>\r\n\t\t\t<\/div> \r\n\t\t\t<div class=\"tm-seperator\">\r\n\t\t\t<\/div>\r\n\t\t\t<div class=\"themetechmount-serviceboxbox-readmore\">\r\n\t\t\t\t<a href=\"https:\/\/proatec.com\/es\/settore\/desarrollo-social\/\">Ir al Sector<\/a>\t\t\t<\/div>\r\n\t\t<\/div>\r\n\t<\/div>\r\n<\/article><\/div><div class=\"tm-box-col-wrapper col-lg-4 col-sm-6 col-md-4 col-xs-12 \"><article class=\"themetechmount-box themetechmount-box-service themetechmount-box-view-top-image themetechmount-service-box-view-top-image  \">\r\n\t<div class=\"themetechmount-post-item\">\t\r\n\t\t<div class=\"themetechmount-post-item-inner\">\r\n\t\t\t<div class=\"tm-featured-wrapper tm-tm_service-featured-wrapper\"><a href=\"https:\/\/proatec.com\/es\/settore\/gobernabilidad-derechos-humanos-y-justicia\/\"><img loading=\"lazy\" decoding=\"async\" width=\"720\" height=\"436\" src=\"https:\/\/proatec.com\/wp-content\/uploads\/2019\/07\/derechos_humanos-720x436.jpg\" class=\"attachment-themetechmount-img-size-two size-themetechmount-img-size-two wp-post-image\" alt=\"\" data-id=\"5818\" \/><\/a><\/div>\t\t<\/div>\r\n\t\t<div class=\"themetechmount-box-bottom-content\">\t\r\n\t\t\t<div class=\"tm-service-iconbox\"><span class=\"tm-service-icon\"><i class=\"fa fa-users\"><\/i><\/span><\/div>\t\t\t<div class=\"themetechmount-box-title\"><h4><a href=\"https:\/\/proatec.com\/es\/settore\/gobernabilidad-derechos-humanos-y-justicia\/\">Gobernabilidad, Derechos Humanos y Justicia<\/a><\/h4><\/div>\t\t\t<div class=\"themetechmount-box-desc\">\r\n\t\t\t\t<div class=\"tm-short-desc\">\r\n\t\t\t\t\t<p>PROATEC apoya la consolidaci\u00f3n de los sistemas judiciales, el estado de derecho y la promoci\u00f3n de los derechos humanos<\/p>\n\t\t\t\t<\/div>\r\n\t\t\t<\/div> \r\n\t\t\t<div class=\"tm-seperator\">\r\n\t\t\t<\/div>\r\n\t\t\t<div class=\"themetechmount-serviceboxbox-readmore\">\r\n\t\t\t\t<a href=\"https:\/\/proatec.com\/es\/settore\/gobernabilidad-derechos-humanos-y-justicia\/\">Ir al Sector<\/a>\t\t\t<\/div>\r\n\t\t<\/div>\r\n\t<\/div>\r\n<\/article><\/div><div class=\"tm-box-col-wrapper col-lg-4 col-sm-6 col-md-4 col-xs-12 \"><article class=\"themetechmount-box themetechmount-box-service themetechmount-box-view-top-image themetechmount-service-box-view-top-image  \">\r\n\t<div class=\"themetechmount-post-item\">\t\r\n\t\t<div class=\"themetechmount-post-item-inner\">\r\n\t\t\t<div class=\"tm-featured-wrapper tm-tm_service-featured-wrapper\"><a href=\"https:\/\/proatec.com\/es\/settore\/medio-ambiente-y-ordenamiento-territorial\/\"><img loading=\"lazy\" decoding=\"async\" width=\"720\" height=\"426\" src=\"https:\/\/proatec.com\/wp-content\/uploads\/2019\/07\/Ambiente_Ordinamento_Territoriale-720x426.jpg\" class=\"attachment-themetechmount-img-size-two size-themetechmount-img-size-two wp-post-image\" alt=\"\" srcset=\"https:\/\/proatec.com\/wp-content\/uploads\/2019\/07\/Ambiente_Ordinamento_Territoriale-720x426.jpg 720w, https:\/\/proatec.com\/wp-content\/uploads\/2019\/07\/Ambiente_Ordinamento_Territoriale-722x426.jpg 722w\" sizes=\"auto, (max-width: 720px) 100vw, 720px\" data-id=\"4161\" \/><\/a><\/div>\t\t<\/div>\r\n\t\t<div class=\"themetechmount-box-bottom-content\">\t\r\n\t\t\t<div class=\"tm-service-iconbox\"><span class=\"tm-service-icon\"><i class=\"kw_agritek flaticon-sprout\"><\/i><\/span><\/div>\t\t\t<div class=\"themetechmount-box-title\"><h4><a href=\"https:\/\/proatec.com\/es\/settore\/medio-ambiente-y-ordenamiento-territorial\/\">Medio ambiente y Ordenamiento Territorial<\/a><\/h4><\/div>\t\t\t<div class=\"themetechmount-box-desc\">\r\n\t\t\t\t<div class=\"tm-short-desc\">\r\n\t\t\t\t\t<p>Proatec da una particular importancia a los estudios y proyectos relativos al medio ambiente<\/p>\n\t\t\t\t<\/div>\r\n\t\t\t<\/div> \r\n\t\t\t<div class=\"tm-seperator\">\r\n\t\t\t<\/div>\r\n\t\t\t<div class=\"themetechmount-serviceboxbox-readmore\">\r\n\t\t\t\t<a href=\"https:\/\/proatec.com\/es\/settore\/medio-ambiente-y-ordenamiento-territorial\/\">Ir al Sector<\/a>\t\t\t<\/div>\r\n\t\t<\/div>\r\n\t<\/div>\r\n<\/article><\/div><div class=\"tm-box-col-wrapper col-lg-4 col-sm-6 col-md-4 col-xs-12 \"><article class=\"themetechmount-box themetechmount-box-service themetechmount-box-view-top-image themetechmount-service-box-view-top-image  \">\r\n\t<div class=\"themetechmount-post-item\">\t\r\n\t\t<div class=\"themetechmount-post-item-inner\">\r\n\t\t\t<div class=\"tm-featured-wrapper tm-tm_service-featured-wrapper\"><a href=\"https:\/\/proatec.com\/es\/settore\/mercado-laboral-y-empleo\/\"><img loading=\"lazy\" decoding=\"async\" width=\"720\" height=\"426\" src=\"https:\/\/proatec.com\/wp-content\/uploads\/2019\/07\/empleyo-720x426.jpg\" class=\"attachment-themetechmount-img-size-two size-themetechmount-img-size-two wp-post-image\" alt=\"\" srcset=\"https:\/\/proatec.com\/wp-content\/uploads\/2019\/07\/empleyo-720x426.jpg 720w, https:\/\/proatec.com\/wp-content\/uploads\/2019\/07\/empleyo-722x426.jpg 722w\" sizes=\"auto, (max-width: 720px) 100vw, 720px\" data-id=\"5813\" \/><\/a><\/div>\t\t<\/div>\r\n\t\t<div class=\"themetechmount-box-bottom-content\">\t\r\n\t\t\t<div class=\"tm-service-iconbox\"><span class=\"tm-service-icon\"><i class=\"kw_agritek flaticon-agriculture\"><\/i><\/span><\/div>\t\t\t<div class=\"themetechmount-box-title\"><h4><a href=\"https:\/\/proatec.com\/es\/settore\/mercado-laboral-y-empleo\/\">Mercado Laboral y Empleo<\/a><\/h4><\/div>\t\t\t<div class=\"themetechmount-box-desc\">\r\n\t\t\t\t<div class=\"tm-short-desc\">\r\n\t\t\t\t\t<p>PROATEC s.r.l. cuenta con numerosas experiencias en apoyo a los procesos de fortalecimiento del sector publico en varias \u00e1reas del mundo.<\/p>\n\t\t\t\t<\/div>\r\n\t\t\t<\/div> \r\n\t\t\t<div class=\"tm-seperator\">\r\n\t\t\t<\/div>\r\n\t\t\t<div class=\"themetechmount-serviceboxbox-readmore\">\r\n\t\t\t\t<a href=\"https:\/\/proatec.com\/es\/settore\/mercado-laboral-y-empleo\/\">Ir al Sector<\/a>\t\t\t<\/div>\r\n\t\t<\/div>\r\n\t<\/div>\r\n<\/article><\/div>\n\t\t\t<\/div>\n\t\t<\/div><!-- .themetechmount-boxes-inner -->   <\/div><!-- .themetechmount-boxes -->  [\/vc_column][\/vc_row]<\/p>\n","protected":false},"excerpt":{"rendered":"<p>[vc_row tm_bgimagefixed=\u00bb\u00bb break_in_responsive=\u00bb991&#8243; tm_responsive_css=\u00bb11268332|colbreak_no|||||||||colbreak_no|||||43px||0px||colbreak_no||||||||||colbreak_no|||||||||\u00bb css=\u00bb.vc_custom_1570444593804{padding-bottom: 40px !important;}\u00bb][vc_column][\/vc_column][\/vc_row]<\/p>\n","protected":false},"author":1,"featured_media":0,"parent":0,"menu_order":7,"comment_status":"closed","ping_status":"closed","template":"","meta":{"footnotes":""},"class_list":["post-4526","page","type-page","status-publish","hentry"],"yoast_head":"<!-- This site is optimized with the Yoast SEO plugin v27.3 - https:\/\/yoast.com\/product\/yoast-seo-wordpress\/ -->\n<title>Proatec S.r.l. | Sectores de Intervenci\u00f3n<\/title>\n<meta name=\"description\" content=\"Actuamos principalmente en los siguientes sectores de intervenci\u00f3n en proyectos de cooperaci\u00f3n al desarrollo.\" \/>\n<meta name=\"robots\" content=\"index, follow, max-snippet:-1, max-image-preview:large, max-video-preview:-1\" \/>\n<link rel=\"canonical\" href=\"https:\/\/proatec.com\/es\/sectores-de-intervencion\/\" \/>\n<meta property=\"og:locale\" content=\"es_ES\" \/>\n<meta property=\"og:type\" content=\"article\" \/>\n<meta property=\"og:title\" content=\"Proatec S.r.l. | Sectores de Intervenci\u00f3n\" \/>\n<meta property=\"og:description\" content=\"Actuamos principalmente en los siguientes sectores de intervenci\u00f3n en proyectos de cooperaci\u00f3n al desarrollo.\" \/>\n<meta property=\"og:url\" content=\"https:\/\/proatec.com\/es\/sectores-de-intervencion\/\" \/>\n<meta property=\"og:site_name\" content=\"Proatec\" \/>\n<meta property=\"article:modified_time\" content=\"2022-08-03T07:15:09+00:00\" \/>\n<meta name=\"twitter:card\" content=\"summary_large_image\" \/>\n<meta name=\"twitter:label1\" content=\"Tiempo de lectura\" \/>\n\t<meta name=\"twitter:data1\" content=\"1 minuto\" \/>\n<!-- \/ Yoast SEO plugin. -->","yoast_head_json":{"title":"Proatec S.r.l. | Sectores de Intervenci\u00f3n","description":"Actuamos principalmente en los siguientes sectores de intervenci\u00f3n en proyectos de cooperaci\u00f3n al desarrollo.","robots":{"index":"index","follow":"follow","max-snippet":"max-snippet:-1","max-image-preview":"max-image-preview:large","max-video-preview":"max-video-preview:-1"},"canonical":"https:\/\/proatec.com\/es\/sectores-de-intervencion\/","og_locale":"es_ES","og_type":"article","og_title":"Proatec S.r.l. | Sectores de Intervenci\u00f3n","og_description":"Actuamos principalmente en los siguientes sectores de intervenci\u00f3n en proyectos de cooperaci\u00f3n al desarrollo.","og_url":"https:\/\/proatec.com\/es\/sectores-de-intervencion\/","og_site_name":"Proatec","article_modified_time":"2022-08-03T07:15:09+00:00","twitter_card":"summary_large_image","twitter_misc":{"Tiempo de lectura":"1 minuto"},"schema":{"@context":"https:\/\/schema.org","@graph":[{"@type":"WebPage","@id":"https:\/\/proatec.com\/es\/sectores-de-intervencion\/","url":"https:\/\/proatec.com\/es\/sectores-de-intervencion\/","name":"Proatec S.r.l. | Sectores de Intervenci\u00f3n","isPartOf":{"@id":"https:\/\/proatec.com\/es\/#website"},"datePublished":"2019-07-13T05:06:05+00:00","dateModified":"2022-08-03T07:15:09+00:00","description":"Actuamos principalmente en los siguientes sectores de intervenci\u00f3n en proyectos de cooperaci\u00f3n al desarrollo.","breadcrumb":{"@id":"https:\/\/proatec.com\/es\/sectores-de-intervencion\/#breadcrumb"},"inLanguage":"es","potentialAction":[{"@type":"ReadAction","target":["https:\/\/proatec.com\/es\/sectores-de-intervencion\/"]}]},{"@type":"BreadcrumbList","@id":"https:\/\/proatec.com\/es\/sectores-de-intervencion\/#breadcrumb","itemListElement":[{"@type":"ListItem","position":1,"name":"Home","item":"https:\/\/proatec.com\/es\/"},{"@type":"ListItem","position":2,"name":"Sectores de Intervenci\u00f3n"}]},{"@type":"WebSite","@id":"https:\/\/proatec.com\/es\/#website","url":"https:\/\/proatec.com\/es\/","name":"Proatec","description":"","publisher":{"@id":"https:\/\/proatec.com\/es\/#organization"},"potentialAction":[{"@type":"SearchAction","target":{"@type":"EntryPoint","urlTemplate":"https:\/\/proatec.com\/es\/?s={search_term_string}"},"query-input":{"@type":"PropertyValueSpecification","valueRequired":true,"valueName":"search_term_string"}}],"inLanguage":"es"},{"@type":"Organization","@id":"https:\/\/proatec.com\/es\/#organization","name":"Proatec S.r.l.","url":"https:\/\/proatec.com\/es\/","logo":{"@type":"ImageObject","inLanguage":"es","@id":"https:\/\/proatec.com\/es\/#\/schema\/logo\/image\/","url":"https:\/\/proatec.com\/wp-content\/uploads\/2020\/07\/1327140649_logo.png","contentUrl":"https:\/\/proatec.com\/wp-content\/uploads\/2020\/07\/1327140649_logo.png","width":220,"height":140,"caption":"Proatec S.r.l."},"image":{"@id":"https:\/\/proatec.com\/es\/#\/schema\/logo\/image\/"}}]}},"_links":{"self":[{"href":"https:\/\/proatec.com\/es\/wp-json\/wp\/v2\/pages\/4526","targetHints":{"allow":["GET"]}}],"collection":[{"href":"https:\/\/proatec.com\/es\/wp-json\/wp\/v2\/pages"}],"about":[{"href":"https:\/\/proatec.com\/es\/wp-json\/wp\/v2\/types\/page"}],"author":[{"embeddable":true,"href":"https:\/\/proatec.com\/es\/wp-json\/wp\/v2\/users\/1"}],"replies":[{"embeddable":true,"href":"https:\/\/proatec.com\/es\/wp-json\/wp\/v2\/comments?post=4526"}],"version-history":[{"count":2,"href":"https:\/\/proatec.com\/es\/wp-json\/wp\/v2\/pages\/4526\/revisions"}],"predecessor-version":[{"id":6692,"href":"https:\/\/proatec.com\/es\/wp-json\/wp\/v2\/pages\/4526\/revisions\/6692"}],"wp:attachment":[{"href":"https:\/\/proatec.com\/es\/wp-json\/wp\/v2\/media?parent=4526"}],"curies":[{"name":"wp","href":"https:\/\/api.w.org\/{rel}","templated":true}]}}