{"id":4535,"date":"2020-11-26T11:02:48","date_gmt":"2020-11-26T11:02:48","guid":{"rendered":"https:\/\/proatec.com\/our-history\/"},"modified":"2022-08-03T07:11:09","modified_gmt":"2022-08-03T07:11:09","slug":"nuestra-historia","status":"publish","type":"page","link":"https:\/\/proatec.com\/es\/nuestra-historia\/","title":{"rendered":"Nuestra Historia"},"content":{"rendered":"<p>[vc_row tm_bgcolor=\u00bbgrey\u00bb tm_bgimage_position=\u00bbleft_bottom\u00bb tm_bgimagefixed=\u00bb\u00bb break_in_responsive=\u00bb991&#8243; full_width=\u00bbstretch_row\u00bb css=\u00bb.vc_custom_1606145604795{padding-top: 100px !important;padding-bottom: 20px !important;background-position: 0 0 !important;background-repeat: no-repeat !important;}\u00bb tm_responsive_css=\u00bb72114810|colbreak_no|||||||||colbreak_no|||||45px||25px||colbreak_no||||||||||colbreak_no|||||||||\u00bb][vc_column css_animation=\u00bbfadeInLeft\u00bb width=\u00bb1\/2&#8243; css=\u00bb.vc_custom_1606837847955{padding-right: 20px !important;}\u00bb]<div class=\"tm-single-image-wrapper imagestyle-three wpb_single_image vc_align_left \"><div class=\"tm-single-image-inner\"><img decoding=\"async\" src=\"https:\/\/proatec.com\/wp-content\/uploads\/2022\/05\/La-Nostra-Sotria_proatec.jpg\" class=\"tm-single-image-img\" alt=\"\" \/><\/div><\/div>[\/vc_column][vc_column reduce_extra_padding=\u00bb991&#8243; width=\u00bb1\/2&#8243; css=\u00bb.vc_custom_1569919268471{margin-top: -3px !important;}\u00bb tm_responsive_css=\u00bb63106768|colbreak_no|||||||||colbreak_no|||||45px||||colbreak_no||||||||||colbreak_no|||||||||\u00bb]<div class=\"tm-element-heading-wrapper tm-heading-inner tm-element-align-left tm-seperator-solid tm-heading-style-vertical \"><section class=\"tm-vc_cta3-container\"><div class=\"tm-vc_general tm-vc_cta3 tm-cta3-only tm-vc_cta3-style-classic tm-vc_cta3-shape-rounded tm-vc_cta3-align-left tm-vc_cta3-color-transparent tm-vc_cta3-icon-size-md tm-vc_cta3-actions-no tm-cta3-with-desc\"><div class=\"tm-vc_cta3_content-container\"><div class=\"tm-vc_cta3-content\"><header class=\"tm-vc_cta3-content-header tm-wrap\"><div class=\"tm-vc_cta3-headers tm-wrap-cell\"><h2 class=\"tm-custom-heading \" >Nuestra Historia<\/h2>\n<\/div><div class=\"heading-seperator\"><span><\/span><\/div><\/header><div class=\"tm-cta3-content-wrapper\"><p><strong>PROATEC s.r.l. nace en 1995<\/strong> incorporando a la experiencia y el conocimiento adquirido en todo el mundo por unos asesores expertos en manejo de proyectos de<strong> desarrollo socioecon\u00f3mico<\/strong>, Sistemas Inform\u00e1ticos aplicados al conocimiento del territorio y a la transferencia de tecnolog\u00eda.<br \/>\nEn el pasado y hasta hoy Proatec S.r.l. ha desarrollado actividades en los diferentes campos de la <strong>Cooperaci\u00f3n Internacional<\/strong> con la puesta en marcha de proyectos de <strong>desarrollo agr\u00edcola<\/strong>, <strong>agroindustria y comercializaci\u00f3n<\/strong> de los productos, as\u00ed como en la <strong>formaci\u00f3n profesional<\/strong> de los poderes locales y el apoyo para el desarrollo y el fortalecimiento de la Peque\u00f1as y Medianas Empresas.<\/p><\/div><\/div><\/div><\/div><\/section><\/div> <!-- .tm-element-heading-wrapper container --> [vc_row_inner el_class=\u00bbtm-sbox-hover-style\u00bb css=\u00bb.vc_custom_1653481339356{padding-top: 15px !important;}\u00bb][vc_column_inner width=\u00bb1\/2&#8243;]<div class=\"tm-sbox tm-sbox-iconalign-left-spacing none tm-sbox-bgcolor-transparent tm-bgcolor-transparent tm-sbox-textcolor- tm-textcolor- tm-sbox-isize-md tm-sbox-isize-md tm-sbox-istyle-none  tm-sbox-heading-only\"><section class=\"tm-vc_cta3-container\"><div class=\"tm-vc_general tm-vc_cta3 tm-vc_cta3-align-left tm-vc_cta3-icon-size-md tm-vc_cta3-icons-left tm-vc_cta3-actions-no\"><div class=\"tm-vc_cta3-icons tm-wrap-cell\"><div class=\"tm-vc_icon_element tm-vc_icon_element-outer tm-vc_icon_element-align-left \"><div class=\"tm-vc_icon_element-inner  tm-vc_icon_element-color-skincolor tm-vc_icon_element-size-md tm-vc_icon_element-style-none tm-vc_icon_element-background-color-grey\" ><span class=\"tm-vc_icon_element-icon kw_agritek flaticon-agronomy\" ><\/span><\/div><\/div><\/div><div class=\"tm-vc_cta3_content-container\"><div class=\"tm-vc_cta3-content\"><div class=\"tm-vc_cta3-content-header tm-wrap\"><div class=\"tm-vc_cta3-headers tm-wrap-cell\"><h2 class=\"tm-custom-heading \" >Desarrollo sostenible<\/h2>\n<\/div><\/div><\/div><div class=\"tm-cta3-desc-btn-wrapper\"><div class=\"tm-cta3-description\"><\/div><\/div><\/div><\/div><\/section><\/div>[\/vc_column_inner][vc_column_inner width=\u00bb1\/2&#8243;]<div class=\"tm-sbox tm-sbox-iconalign-left-spacing none tm-sbox-bgcolor-transparent tm-bgcolor-transparent tm-sbox-textcolor- tm-textcolor- tm-sbox-isize-md tm-sbox-isize-md tm-sbox-istyle-none  tm-sbox-heading-only\"><section class=\"tm-vc_cta3-container\"><div class=\"tm-vc_general tm-vc_cta3 tm-vc_cta3-align-left tm-vc_cta3-icon-size-md tm-vc_cta3-icons-left tm-vc_cta3-actions-no\"><div class=\"tm-vc_cta3-icons tm-wrap-cell\"><div class=\"tm-vc_icon_element tm-vc_icon_element-outer tm-vc_icon_element-align-left \"><div class=\"tm-vc_icon_element-inner  tm-vc_icon_element-color-skincolor tm-vc_icon_element-size-md tm-vc_icon_element-style-none tm-vc_icon_element-background-color-grey\" ><span class=\"tm-vc_icon_element-icon kw_agritek flaticon-planet-earth\" ><\/span><\/div><\/div><\/div><div class=\"tm-vc_cta3_content-container\"><div class=\"tm-vc_cta3-content\"><div class=\"tm-vc_cta3-content-header tm-wrap\"><div class=\"tm-vc_cta3-headers tm-wrap-cell\"><h2 class=\"tm-custom-heading \" >Consultor\u00eda a nivel mundial<\/h2>\n<\/div><\/div><\/div><div class=\"tm-cta3-desc-btn-wrapper\"><div class=\"tm-cta3-description\"><\/div><\/div><\/div><\/div><\/section><\/div>[\/vc_column_inner][\/vc_row_inner][\/vc_column][\/vc_row][vc_row tm_bgcolor=\u00bbwhite\u00bb tm_bgimage_position=\u00bbleft_bottom\u00bb tm_bgimagefixed=\u00bb\u00bb break_in_responsive=\u00bb991&#8243; full_width=\u00bbstretch_row\u00bb css=\u00bb.vc_custom_1606383822118{padding-top: 100px !important;padding-bottom: 20px !important;background-position: 0 0 !important;background-repeat: no-repeat !important;}\u00bb tm_responsive_css=\u00bb72114810|colbreak_no|||||||||colbreak_no|||||45px||25px||colbreak_no||||||||||colbreak_no|||||||||\u00bb][vc_column width=\u00bb1\/2&#8243; css=\u00bb.vc_custom_1569919220199{padding-right: 20px !important;}\u00bb]<div class=\"tm-element-heading-wrapper tm-heading-inner tm-element-align-left tm-seperator-solid tm-heading-style-vertical \"><section class=\"tm-vc_cta3-container\"><div class=\"tm-vc_general tm-vc_cta3 tm-cta3-only tm-vc_cta3-style-classic tm-vc_cta3-shape-rounded tm-vc_cta3-align-left tm-vc_cta3-color-transparent tm-vc_cta3-icon-size-md tm-vc_cta3-actions-no tm-cta3-with-desc\"><div class=\"tm-vc_cta3_content-container\"><div class=\"tm-vc_cta3-content\"><header class=\"tm-vc_cta3-content-header tm-wrap\"><div class=\"tm-vc_cta3-headers tm-wrap-cell\"><h2 class=\"tm-custom-heading \" >Proatec y el Desarrollo<\/h2>\n<\/div><div class=\"heading-seperator\"><span><\/span><\/div><\/header><div class=\"tm-cta3-content-wrapper\"><p>El inter\u00e9s demostrado por Proatec S.r.l. para el dise\u00f1o y la actuaci\u00f3n de las <b>pol\u00edticas medioambientales<\/b> \u00a0y una <b>gesti\u00f3n racional del territorio<\/b> y de los recursos naturales, adem\u00e1s de un solido <em>background<\/em> en los sectores de la <b>planificaci\u00f3n territorial<\/b>, por medio de investigaciones territoriales, estudios de viabilidad, constituci\u00f3n de empresas mixtas (Joint Ventures), censos e inventarios territoriales, uso de la inform\u00e1tica aplicada al territorio, b\u00fasqueda y organizaci\u00f3n de los necesarios recursos financieros, ha contribuido en ampliar los sectores de actividad hacia la implementaci\u00f3n de importantes proyectos de <b>desarrollo rural<\/b>, <b>desarrollo local<\/b> y <b>desarrollo socioecon\u00f3mico<\/b>.<\/p><\/div><\/div><\/div><\/div><\/section><\/div> <!-- .tm-element-heading-wrapper container --> \n\t\t<div class=\"tm-vc_btn3-container tm-vc_btn3-left\"><a class=\"tm-vc_general tm-vc_btn3 tm-vc_btn3-size-md tm-vc_btn3-shape-square tm-vc_btn3-style-flat tm-vc_btn3-weight-no tm-vc_btn3-color-black\" href=\"https:\/\/proatec.com\/es\/sectores-de-intervencion\/\" title=\"SECTORES DE INTERVENCI\u00d3N\">NUESTROS SECTORES DE INTERVENCI\u00d3N<\/a><\/div>[\/vc_column][vc_column reduce_extra_padding=\u00bb991&#8243; css_animation=\u00bbfadeInRight\u00bb width=\u00bb1\/2&#8243; css=\u00bb.vc_custom_1608733431998{margin-top: -3px !important;}\u00bb tm_responsive_css=\u00bb63106768|colbreak_no|||||||||colbreak_no|||||45px||||colbreak_no||||||||||colbreak_no|||||||||\u00bb offset=\u00bbvc_hidden-sm vc_hidden-xs\u00bb]<div class=\"tm-single-image-wrapper imagestyle-two wpb_single_image vc_align_left \"><div class=\"tm-single-image-inner\"><img decoding=\"async\" src=\"https:\/\/proatec.com\/wp-content\/uploads\/2022\/07\/Proatec-y-el-Desarrollo.jpg\" class=\"tm-single-image-img\" alt=\"\" \/><\/div><\/div>[\/vc_column][\/vc_row][vc_row tm_bgcolor=\u00bbgrey\u00bb tm_bgimage_position=\u00bbleft_bottom\u00bb tm_bgimagefixed=\u00bb\u00bb break_in_responsive=\u00bb991&#8243; full_width=\u00bbstretch_row\u00bb css=\u00bb.vc_custom_1606145604795{padding-top: 100px !important;padding-bottom: 20px !important;background-position: 0 0 !important;background-repeat: no-repeat !important;}\u00bb tm_responsive_css=\u00bb72114810|colbreak_no|||||||||colbreak_no|||||45px||25px||colbreak_no||||||||||colbreak_no|||||||||\u00bb][vc_column css_animation=\u00bbfadeInLeft\u00bb width=\u00bb1\/2&#8243; css=\u00bb.vc_custom_1606837869317{padding-right: 20px !important;}\u00bb]<div class=\"tm-single-image-wrapper imagestyle-one wpb_single_image vc_align_left \"><div class=\"tm-single-image-inner\"><img decoding=\"async\" src=\"https:\/\/proatec.com\/wp-content\/uploads\/2022\/07\/proatec-hoy.jpeg\" class=\"tm-single-image-img\" alt=\"\" \/><\/div><\/div>[\/vc_column][vc_column reduce_extra_padding=\u00bb991&#8243; width=\u00bb1\/2&#8243; css=\u00bb.vc_custom_1569919268471{margin-top: -3px !important;}\u00bb tm_responsive_css=\u00bb63106768|colbreak_no|||||||||colbreak_no|||||45px||||colbreak_no||||||||||colbreak_no|||||||||\u00bb]<div class=\"tm-element-heading-wrapper tm-heading-inner tm-element-align-left tm-seperator-solid tm-heading-style-vertical \"><section class=\"tm-vc_cta3-container\"><div class=\"tm-vc_general tm-vc_cta3 tm-cta3-only tm-vc_cta3-style-classic tm-vc_cta3-shape-rounded tm-vc_cta3-align-left tm-vc_cta3-color-transparent tm-vc_cta3-icon-size-md tm-vc_cta3-actions-no tm-cta3-with-desc\"><div class=\"tm-vc_cta3_content-container\"><div class=\"tm-vc_cta3-content\"><header class=\"tm-vc_cta3-content-header tm-wrap\"><div class=\"tm-vc_cta3-headers tm-wrap-cell\"><h2 class=\"tm-custom-heading \" >Proatec hoy<\/h2>\n<\/div><div class=\"heading-seperator\"><span><\/span><\/div><\/header><div class=\"tm-cta3-content-wrapper\"><p>El inter\u00e9s demostrado por Proatec S.r.l. para el dise\u00f1o y la actuaci\u00f3n de las<strong> pol\u00edticas medioambientales<\/strong> y una <strong>gesti\u00f3n racional del territorio<\/strong> y de los recursos naturales, adem\u00e1s de un solido background en los sectores de la <strong>planificaci\u00f3n territorial<\/strong>, por medio de investigaciones territoriales, estudios de viabilidad, constituci\u00f3n de empresas mixtas (Joint Ventures), censos e inventarios territoriales, uso de la inform\u00e1tica aplicada al territorio, b\u00fasqueda y organizaci\u00f3n de los necesarios recursos financieros, ha contribuido en ampliar los sectores de actividad hacia la implementaci\u00f3n de importantes proyectos de desarrollo rural, desarrollo local y desarrollo socioecon\u00f3mico.<\/p>\n<p>PROATEC s.r.l. presta servicios en Europa, en el \u00e1rea Mediterr\u00e1nea y Europa del Este, \u00c1frica, Oriente Medio, Asia Central, Caribe y Am\u00e9rica Latina.<\/p><\/div><\/div><\/div><\/div><\/section><\/div> <!-- .tm-element-heading-wrapper container --> \n\t\t<div class=\"tm-vc_btn3-container tm-vc_btn3-left\"><a class=\"tm-vc_general tm-vc_btn3 tm-vc_btn3-size-md tm-vc_btn3-shape-square tm-vc_btn3-style-flat tm-vc_btn3-weight-no tm-vc_btn3-color-skincolor\" href=\"https:\/\/proatec.com\/es\/proyectos\/\" title=\"Proyectos\">NUESTROS PROYECTOS<\/a><\/div>[\/vc_column][\/vc_row][vc_row tm_bgimage_position=\u00bbcenter_bottom\u00bb tm_bgimagefixed=\u00bb\u00bb full_width=\u00bbstretch_row\u00bb css=\u00bb.vc_custom_1601565450196{padding-bottom: 50px !important;background-image: url(https:\/\/proatec.com\/wp-content\/uploads\/2019\/10\/row-second-bg.jpg?id=2546) !important;background-position: 0 0 !important;background-repeat: no-repeat !important;}\u00bb tm_responsive_css=\u00bb70214750|colbreak_no|||||||||colbreak_no|||||60px||60px||colbreak_no||||||||||colbreak_no|||||||||\u00bb][vc_column css_animation=\u00bbfadeInDown\u00bb]<h2 style=\"text-align:center;font-size:42px;line-height:45px;color:#131313;font-family:'Montserrat',Arial,Helvetica;font-weight:700;\" class=\"tm-custom-heading tm-reset-h2-font-responsive vc_custom_1608626534224\" >Te gustar\u00eda unirte al equipo de Proatec?<\/h2>\n<h2 style=\"text-align:center;font-size:42px;line-height:45px;color:#131313;font-family:'Montserrat',Arial,Helvetica;font-weight:400;\" class=\"tm-custom-heading tm-reset-h2-font-responsive \" >Visite la p\u00e1gina dedicada a nuestras ofertas de trabajo y env\u00edenos su solicitud.<\/h2>\n[vc_row_inner css=\u00bb.vc_custom_1571403651451{padding-top: 25px !important;}\u00bb el_class=\u00bbtm-reset-content-center-767&#8243;][vc_column_inner css=\u00bb.vc_custom_1571215902072{padding-right: 5px !important;}\u00bb]\n\t\t<div class=\"tm-vc_btn3-container tm-vc_btn3-center\"><a class=\"tm-vc_general tm-vc_btn3 tm-vc_btn3-size-md tm-vc_btn3-shape-square tm-vc_btn3-style-flat tm-vc_btn3-weight-no tm-vc_btn3-color-black\" href=\"https:\/\/proatec.com\/es\/trabaja-con-nosotros\/\" title=\"Trabaja con Nosotros\">TRABAJA CON NOSOTROS<\/a><\/div>[\/vc_column_inner][\/vc_row_inner][\/vc_column][\/vc_row]<\/p>\n","protected":false},"excerpt":{"rendered":"<p>[vc_row tm_bgcolor=\u00bbgrey\u00bb tm_bgimage_position=\u00bbleft_bottom\u00bb tm_bgimagefixed=\u00bb\u00bb break_in_responsive=\u00bb991&#8243; full_width=\u00bbstretch_row\u00bb css=\u00bb.vc_custom_1606145604795{padding-top: 100px !important;padding-bottom: 20px !important;background-position: 0 0 !important;background-repeat: no-repeat !important;}\u00bb tm_responsive_css=\u00bb72114810|colbreak_no|||||||||colbreak_no|||||45px||25px||colbreak_no||||||||||colbreak_no|||||||||\u00bb][vc_column css_animation=\u00bbfadeInLeft\u00bb width=\u00bb1\/2&#8243; css=\u00bb.vc_custom_1606837847955{padding-right: 20px !important;}\u00bb][\/vc_column][vc_column reduce_extra_padding=\u00bb991&#8243; width=\u00bb1\/2&#8243; css=\u00bb.vc_custom_1569919268471{margin-top: -3px !important;}\u00bb tm_responsive_css=\u00bb63106768|colbreak_no|||||||||colbreak_no|||||45px||||colbreak_no||||||||||colbreak_no|||||||||\u00bb][vc_row_inner el_class=\u00bbtm-sbox-hover-style\u00bb css=\u00bb.vc_custom_1653481339356{padding-top: 15px !important;}\u00bb][vc_column_inner width=\u00bb1\/2&#8243;][\/vc_column_inner][vc_column_inner width=\u00bb1\/2&#8243;][\/vc_column_inner][\/vc_row_inner][\/vc_column][\/vc_row][vc_row tm_bgcolor=\u00bbwhite\u00bb tm_bgimage_position=\u00bbleft_bottom\u00bb tm_bgimagefixed=\u00bb\u00bb break_in_responsive=\u00bb991&#8243; full_width=\u00bbstretch_row\u00bb css=\u00bb.vc_custom_1606383822118{padding-top: 100px !important;padding-bottom: 20px !important;background-position: 0 0 !important;background-repeat: no-repeat !important;}\u00bb tm_responsive_css=\u00bb72114810|colbreak_no|||||||||colbreak_no|||||45px||25px||colbreak_no||||||||||colbreak_no|||||||||\u00bb][vc_column width=\u00bb1\/2&#8243; css=\u00bb.vc_custom_1569919220199{padding-right: 20px !important;}\u00bb][\/vc_column][vc_column reduce_extra_padding=\u00bb991&#8243; &hellip; <a href=\"https:\/\/proatec.com\/es\/nuestra-historia\/\" class=\"more-link\">Continue reading <span class=\"screen-reader-text\">Nuestra Historia<\/span><\/a><\/p>\n","protected":false},"author":1,"featured_media":0,"parent":0,"menu_order":4,"comment_status":"closed","ping_status":"closed","template":"","meta":{"footnotes":""},"class_list":["post-4535","page","type-page","status-publish","hentry"],"yoast_head":"<!-- This site is optimized with the Yoast SEO plugin v26.5 - https:\/\/yoast.com\/wordpress\/plugins\/seo\/ -->\n<title>Proatec S.r.l. | Nuestra historia | Promover el desarrollo desde 1995<\/title>\n<meta name=\"description\" content=\"Nacimos combinando los conocimientos de expertos en proyectos de desarrollo socioecon\u00f3mico, tecnolog\u00eda de la informaci\u00f3n aplicada y transferencia de tecnolog\u00eda.\" \/>\n<meta name=\"robots\" content=\"index, follow, max-snippet:-1, max-image-preview:large, max-video-preview:-1\" \/>\n<link rel=\"canonical\" href=\"https:\/\/proatec.com\/es\/nuestra-historia\/\" \/>\n<meta property=\"og:locale\" content=\"es_ES\" \/>\n<meta property=\"og:type\" content=\"article\" \/>\n<meta property=\"og:title\" content=\"Proatec S.r.l. | Nuestra historia | Promover el desarrollo desde 1995\" \/>\n<meta property=\"og:description\" content=\"Nacimos combinando los conocimientos de expertos en proyectos de desarrollo socioecon\u00f3mico, tecnolog\u00eda de la informaci\u00f3n aplicada y transferencia de tecnolog\u00eda.\" \/>\n<meta property=\"og:url\" content=\"https:\/\/proatec.com\/es\/nuestra-historia\/\" \/>\n<meta property=\"og:site_name\" content=\"Proatec\" \/>\n<meta property=\"article:modified_time\" content=\"2022-08-03T07:11:09+00:00\" \/>\n<meta name=\"twitter:card\" content=\"summary_large_image\" \/>\n<meta name=\"twitter:label1\" content=\"Tiempo de lectura\" \/>\n\t<meta name=\"twitter:data1\" content=\"3 minutos\" \/>\n<!-- \/ Yoast SEO plugin. -->","yoast_head_json":{"title":"Proatec S.r.l. | Nuestra historia | Promover el desarrollo desde 1995","description":"Nacimos combinando los conocimientos de expertos en proyectos de desarrollo socioecon\u00f3mico, tecnolog\u00eda de la informaci\u00f3n aplicada y transferencia de tecnolog\u00eda.","robots":{"index":"index","follow":"follow","max-snippet":"max-snippet:-1","max-image-preview":"max-image-preview:large","max-video-preview":"max-video-preview:-1"},"canonical":"https:\/\/proatec.com\/es\/nuestra-historia\/","og_locale":"es_ES","og_type":"article","og_title":"Proatec S.r.l. | Nuestra historia | Promover el desarrollo desde 1995","og_description":"Nacimos combinando los conocimientos de expertos en proyectos de desarrollo socioecon\u00f3mico, tecnolog\u00eda de la informaci\u00f3n aplicada y transferencia de tecnolog\u00eda.","og_url":"https:\/\/proatec.com\/es\/nuestra-historia\/","og_site_name":"Proatec","article_modified_time":"2022-08-03T07:11:09+00:00","twitter_card":"summary_large_image","twitter_misc":{"Tiempo de lectura":"3 minutos"},"schema":{"@context":"https:\/\/schema.org","@graph":[{"@type":"WebPage","@id":"https:\/\/proatec.com\/es\/nuestra-historia\/","url":"https:\/\/proatec.com\/es\/nuestra-historia\/","name":"Proatec S.r.l. | Nuestra historia | Promover el desarrollo desde 1995","isPartOf":{"@id":"https:\/\/proatec.com\/es\/#website"},"datePublished":"2020-11-26T11:02:48+00:00","dateModified":"2022-08-03T07:11:09+00:00","description":"Nacimos combinando los conocimientos de expertos en proyectos de desarrollo socioecon\u00f3mico, tecnolog\u00eda de la informaci\u00f3n aplicada y transferencia de tecnolog\u00eda.","breadcrumb":{"@id":"https:\/\/proatec.com\/es\/nuestra-historia\/#breadcrumb"},"inLanguage":"es","potentialAction":[{"@type":"ReadAction","target":["https:\/\/proatec.com\/es\/nuestra-historia\/"]}]},{"@type":"BreadcrumbList","@id":"https:\/\/proatec.com\/es\/nuestra-historia\/#breadcrumb","itemListElement":[{"@type":"ListItem","position":1,"name":"Home","item":"https:\/\/proatec.com\/es\/"},{"@type":"ListItem","position":2,"name":"Nuestra Historia"}]},{"@type":"WebSite","@id":"https:\/\/proatec.com\/es\/#website","url":"https:\/\/proatec.com\/es\/","name":"Proatec","description":"","publisher":{"@id":"https:\/\/proatec.com\/es\/#organization"},"potentialAction":[{"@type":"SearchAction","target":{"@type":"EntryPoint","urlTemplate":"https:\/\/proatec.com\/es\/?s={search_term_string}"},"query-input":{"@type":"PropertyValueSpecification","valueRequired":true,"valueName":"search_term_string"}}],"inLanguage":"es"},{"@type":"Organization","@id":"https:\/\/proatec.com\/es\/#organization","name":"Proatec S.r.l.","url":"https:\/\/proatec.com\/es\/","logo":{"@type":"ImageObject","inLanguage":"es","@id":"https:\/\/proatec.com\/es\/#\/schema\/logo\/image\/","url":"https:\/\/proatec.com\/wp-content\/uploads\/2020\/07\/1327140649_logo.png","contentUrl":"https:\/\/proatec.com\/wp-content\/uploads\/2020\/07\/1327140649_logo.png","width":220,"height":140,"caption":"Proatec S.r.l."},"image":{"@id":"https:\/\/proatec.com\/es\/#\/schema\/logo\/image\/"}}]}},"_links":{"self":[{"href":"https:\/\/proatec.com\/es\/wp-json\/wp\/v2\/pages\/4535","targetHints":{"allow":["GET"]}}],"collection":[{"href":"https:\/\/proatec.com\/es\/wp-json\/wp\/v2\/pages"}],"about":[{"href":"https:\/\/proatec.com\/es\/wp-json\/wp\/v2\/types\/page"}],"author":[{"embeddable":true,"href":"https:\/\/proatec.com\/es\/wp-json\/wp\/v2\/users\/1"}],"replies":[{"embeddable":true,"href":"https:\/\/proatec.com\/es\/wp-json\/wp\/v2\/comments?post=4535"}],"version-history":[{"count":2,"href":"https:\/\/proatec.com\/es\/wp-json\/wp\/v2\/pages\/4535\/revisions"}],"predecessor-version":[{"id":6693,"href":"https:\/\/proatec.com\/es\/wp-json\/wp\/v2\/pages\/4535\/revisions\/6693"}],"wp:attachment":[{"href":"https:\/\/proatec.com\/es\/wp-json\/wp\/v2\/media?parent=4535"}],"curies":[{"name":"wp","href":"https:\/\/api.w.org\/{rel}","templated":true}]}}